{"id":86,"date":"2017-03-15T12:36:23","date_gmt":"2017-03-15T11:36:23","guid":{"rendered":"https:\/\/connys-crazy-kitchen.lima-city.de\/?page_id=86"},"modified":"2019-03-14T20:48:00","modified_gmt":"2019-03-14T19:48:00","slug":"wild-lachs-spinat-lemongrass","status":"publish","type":"page","link":"https:\/\/connys-crazy-kitchen.lima-city.de\/?page_id=86","title":{"rendered":"Wild-Lachs auf Spinat mit Lemongrass"},"content":{"rendered":"<p style=\"text-align: center;\"><span style=\"font-family: 'trebuchet ms', geneva, sans-serif;\"><span style=\"color: #008080;\">Wild-Lachs auf Spinat mit Lemon-Grass<\/span><\/span><\/p>\n<p><img decoding=\"async\" loading=\"lazy\" class=\"alignnone wp-image-128 size-full\" src=\"https:\/\/connys-crazy-kitchen.lima-city.de\/wp-content\/uploads\/2017\/03\/jennifer-pallian-200440-1-e1494444365333.jpg\" alt=\"\" width=\"800\" height=\"1000\" \/><\/p>\n<p><span style=\"font-size: 12pt;\"><span style=\"font-family: 'trebuchet ms', geneva, sans-serif;\"><span style=\"color: #008080;\">Wild-Lachs auf Spinat Lemon-Grass und Sahne, <\/span><\/span><\/span><span style=\"color: #008080; font-family: 'trebuchet ms', geneva, sans-serif; font-size: 12pt;\">Pfeffer, Salz je nach<\/span><\/p>\n<p><span style=\"color: #008080; font-family: 'trebuchet ms', geneva, sans-serif; font-size: 12pt;\">Geschmack mit Chilli.<\/span><\/p>\n<p><span style=\"font-family: 'trebuchet ms', geneva, sans-serif; font-size: 12pt;\"><span style=\"color: #008080;\">Was gibt es dazu Reis oder Griechische-Backkartoffeln, <\/span><\/span><span style=\"color: #008080; font-family: 'trebuchet ms', geneva, sans-serif; font-size: 12pt;\">kurz vor <\/span><span style=\"font-family: 'trebuchet ms', geneva, sans-serif; font-size: 12pt;\"><span style=\"color: #008080;\">dem <\/span><\/span><\/p>\n<p><span style=\"font-family: 'trebuchet ms', geneva, sans-serif; font-size: 12pt;\"><span style=\"color: #008080;\">Servieren kannst du noch Schnittlauch dazu geben je nach deiner Fantasie.<\/span><\/span><\/p>\n","protected":false},"excerpt":{"rendered":"<p>Wild-Lachs auf Spinat mit Lemon-Grass Wild-Lachs auf Spinat Lemon-Grass und Sahne, Pfeffer, Salz je nach Geschmack mit Chilli. Was gibt es dazu Reis oder Griechische-Backkartoffeln, kurz vor dem Servieren kannst du noch Schnittlauch dazu geben je nach deiner Fantasie.<\/p>\n","protected":false},"author":1,"featured_media":0,"parent":0,"menu_order":0,"comment_status":"closed","ping_status":"closed","template":"","meta":[],"yoast_head":"<!-- This site is optimized with the Yoast SEO plugin v19.7.2 - https:\/\/yoast.com\/wordpress\/plugins\/seo\/ -->\n<title>Wild-Lachs Spinat Lemongrass<\/title>\n<meta name=\"description\" content=\"Wild-Lachs auf Spinat mit Lemongrass je nach Geschmack mit Chilli, dazu Reis oder Griechische-Backkartoffeln.\" \/>\n<meta name=\"robots\" content=\"index, follow, max-snippet:-1, max-image-preview:large, max-video-preview:-1\" \/>\n<link rel=\"canonical\" href=\"https:\/\/connys-crazy-kitchen.lima-city.de\/?page_id=86\" \/>\n<meta property=\"og:locale\" content=\"de_DE\" \/>\n<meta property=\"og:type\" content=\"article\" \/>\n<meta property=\"og:title\" content=\"Wild-Lachs Spinat Lemongrass\" \/>\n<meta property=\"og:description\" content=\"Wild-Lachs auf Spinat mit Lemongrass je nach Geschmack mit Chilli, dazu Reis oder Griechische-Backkartoffeln.\" \/>\n<meta property=\"og:url\" content=\"https:\/\/connys-crazy-kitchen.lima-city.de\/?page_id=86\" \/>\n<meta property=\"og:site_name\" content=\"Connys Crazy Kitchen\" \/>\n<meta property=\"article:modified_time\" content=\"2019-03-14T19:48:00+00:00\" \/>\n<meta property=\"og:image\" content=\"https:\/\/connys-crazy-kitchen.lima-city.de\/wp-content\/uploads\/2017\/03\/jennifer-pallian-200440-1-e1494444365333.jpg\" \/>\n<meta name=\"twitter:card\" content=\"summary\" \/>\n<meta name=\"twitter:site\" content=\"@kb_berlin2017\" \/>\n<script type=\"application\/ld+json\" class=\"yoast-schema-graph\">{\"@context\":\"https:\/\/schema.org\",\"@graph\":[{\"@type\":\"WebPage\",\"@id\":\"https:\/\/connys-crazy-kitchen.lima-city.de\/?page_id=86\",\"url\":\"https:\/\/connys-crazy-kitchen.lima-city.de\/?page_id=86\",\"name\":\"Wild-Lachs Spinat Lemongrass\",\"isPartOf\":{\"@id\":\"https:\/\/connys-crazy-kitchen.lima-city.de\/#website\"},\"datePublished\":\"2017-03-15T11:36:23+00:00\",\"dateModified\":\"2019-03-14T19:48:00+00:00\",\"description\":\"Wild-Lachs auf Spinat mit Lemongrass je nach Geschmack mit Chilli, dazu Reis oder Griechische-Backkartoffeln.\",\"breadcrumb\":{\"@id\":\"https:\/\/connys-crazy-kitchen.lima-city.de\/?page_id=86#breadcrumb\"},\"inLanguage\":\"de\",\"potentialAction\":[{\"@type\":\"ReadAction\",\"target\":[\"https:\/\/connys-crazy-kitchen.lima-city.de\/?page_id=86\"]}]},{\"@type\":\"BreadcrumbList\",\"@id\":\"https:\/\/connys-crazy-kitchen.lima-city.de\/?page_id=86#breadcrumb\",\"itemListElement\":[{\"@type\":\"ListItem\",\"position\":1,\"name\":\"Startseite\",\"item\":\"https:\/\/connys-crazy-kitchen.lima-city.de\/\"},{\"@type\":\"ListItem\",\"position\":2,\"name\":\"Wild-Lachs auf Spinat mit Lemongrass\"}]},{\"@type\":\"WebSite\",\"@id\":\"https:\/\/connys-crazy-kitchen.lima-city.de\/#website\",\"url\":\"https:\/\/connys-crazy-kitchen.lima-city.de\/\",\"name\":\"Connys Crazy Kitchen\",\"description\":\"Meine verr\u00fcckte Art zu Kochen und Reisen...\",\"publisher\":{\"@id\":\"https:\/\/connys-crazy-kitchen.lima-city.de\/#\/schema\/person\/7e844629b80e653505002dfea1f311eb\"},\"potentialAction\":[{\"@type\":\"SearchAction\",\"target\":{\"@type\":\"EntryPoint\",\"urlTemplate\":\"https:\/\/connys-crazy-kitchen.lima-city.de\/?s={search_term_string}\"},\"query-input\":\"required name=search_term_string\"}],\"inLanguage\":\"de\"},{\"@type\":[\"Person\",\"Organization\"],\"@id\":\"https:\/\/connys-crazy-kitchen.lima-city.de\/#\/schema\/person\/7e844629b80e653505002dfea1f311eb\",\"name\":\"Connys-Crazy-Kitchen\",\"logo\":{\"@id\":\"https:\/\/connys-crazy-kitchen.lima-city.de\/#\/schema\/person\/image\/\"},\"description\":\"Ich Lebe in Berlin auf der Roten Insel Koche f\u00fcr mein Leben gerne und Exrepementire mit Lebensmitteln und vielen Gew\u00fcrzen aus mindestens 12 L\u00e4ndern in meiner Familie gibt es eine Ess-Kultur wir versuchen 1mal im Monat zusammen zu Essen. (Familien-Essen) solltet ihr auch Pflegen Familie ist das wichtigste in eurem Leben. Ich bin eine Kaffee Liebhaberin alles mit Leidenschaft. Ich hoffe ihr geniest das Leben mit Leidenschaft &amp; Liebe und sch\u00e4tz unsere Lebensmittel mit Genuss. Alles Liebe aus Berlin C o n n y\",\"sameAs\":[\"Connys.crazy.kitchen\"]}]}<\/script>\n<!-- \/ Yoast SEO plugin. -->","yoast_head_json":{"title":"Wild-Lachs Spinat Lemongrass","description":"Wild-Lachs auf Spinat mit Lemongrass je nach Geschmack mit Chilli, dazu Reis oder Griechische-Backkartoffeln.","robots":{"index":"index","follow":"follow","max-snippet":"max-snippet:-1","max-image-preview":"max-image-preview:large","max-video-preview":"max-video-preview:-1"},"canonical":"https:\/\/connys-crazy-kitchen.lima-city.de\/?page_id=86","og_locale":"de_DE","og_type":"article","og_title":"Wild-Lachs Spinat Lemongrass","og_description":"Wild-Lachs auf Spinat mit Lemongrass je nach Geschmack mit Chilli, dazu Reis oder Griechische-Backkartoffeln.","og_url":"https:\/\/connys-crazy-kitchen.lima-city.de\/?page_id=86","og_site_name":"Connys Crazy Kitchen","article_modified_time":"2019-03-14T19:48:00+00:00","og_image":[{"url":"https:\/\/connys-crazy-kitchen.lima-city.de\/wp-content\/uploads\/2017\/03\/jennifer-pallian-200440-1-e1494444365333.jpg"}],"twitter_card":"summary","twitter_site":"@kb_berlin2017","schema":{"@context":"https:\/\/schema.org","@graph":[{"@type":"WebPage","@id":"https:\/\/connys-crazy-kitchen.lima-city.de\/?page_id=86","url":"https:\/\/connys-crazy-kitchen.lima-city.de\/?page_id=86","name":"Wild-Lachs Spinat Lemongrass","isPartOf":{"@id":"https:\/\/connys-crazy-kitchen.lima-city.de\/#website"},"datePublished":"2017-03-15T11:36:23+00:00","dateModified":"2019-03-14T19:48:00+00:00","description":"Wild-Lachs auf Spinat mit Lemongrass je nach Geschmack mit Chilli, dazu Reis oder Griechische-Backkartoffeln.","breadcrumb":{"@id":"https:\/\/connys-crazy-kitchen.lima-city.de\/?page_id=86#breadcrumb"},"inLanguage":"de","potentialAction":[{"@type":"ReadAction","target":["https:\/\/connys-crazy-kitchen.lima-city.de\/?page_id=86"]}]},{"@type":"BreadcrumbList","@id":"https:\/\/connys-crazy-kitchen.lima-city.de\/?page_id=86#breadcrumb","itemListElement":[{"@type":"ListItem","position":1,"name":"Startseite","item":"https:\/\/connys-crazy-kitchen.lima-city.de\/"},{"@type":"ListItem","position":2,"name":"Wild-Lachs auf Spinat mit Lemongrass"}]},{"@type":"WebSite","@id":"https:\/\/connys-crazy-kitchen.lima-city.de\/#website","url":"https:\/\/connys-crazy-kitchen.lima-city.de\/","name":"Connys Crazy Kitchen","description":"Meine verr\u00fcckte Art zu Kochen und Reisen...","publisher":{"@id":"https:\/\/connys-crazy-kitchen.lima-city.de\/#\/schema\/person\/7e844629b80e653505002dfea1f311eb"},"potentialAction":[{"@type":"SearchAction","target":{"@type":"EntryPoint","urlTemplate":"https:\/\/connys-crazy-kitchen.lima-city.de\/?s={search_term_string}"},"query-input":"required name=search_term_string"}],"inLanguage":"de"},{"@type":["Person","Organization"],"@id":"https:\/\/connys-crazy-kitchen.lima-city.de\/#\/schema\/person\/7e844629b80e653505002dfea1f311eb","name":"Connys-Crazy-Kitchen","logo":{"@id":"https:\/\/connys-crazy-kitchen.lima-city.de\/#\/schema\/person\/image\/"},"description":"Ich Lebe in Berlin auf der Roten Insel Koche f\u00fcr mein Leben gerne und Exrepementire mit Lebensmitteln und vielen Gew\u00fcrzen aus mindestens 12 L\u00e4ndern in meiner Familie gibt es eine Ess-Kultur wir versuchen 1mal im Monat zusammen zu Essen. (Familien-Essen) solltet ihr auch Pflegen Familie ist das wichtigste in eurem Leben. Ich bin eine Kaffee Liebhaberin alles mit Leidenschaft. Ich hoffe ihr geniest das Leben mit Leidenschaft &amp; Liebe und sch\u00e4tz unsere Lebensmittel mit Genuss. Alles Liebe aus Berlin C o n n y","sameAs":["Connys.crazy.kitchen"]}]}},"post_mailing_queue_ids":[],"_links":{"self":[{"href":"https:\/\/connys-crazy-kitchen.lima-city.de\/index.php?rest_route=\/wp\/v2\/pages\/86"}],"collection":[{"href":"https:\/\/connys-crazy-kitchen.lima-city.de\/index.php?rest_route=\/wp\/v2\/pages"}],"about":[{"href":"https:\/\/connys-crazy-kitchen.lima-city.de\/index.php?rest_route=\/wp\/v2\/types\/page"}],"author":[{"embeddable":true,"href":"https:\/\/connys-crazy-kitchen.lima-city.de\/index.php?rest_route=\/wp\/v2\/users\/1"}],"replies":[{"embeddable":true,"href":"https:\/\/connys-crazy-kitchen.lima-city.de\/index.php?rest_route=%2Fwp%2Fv2%2Fcomments&post=86"}],"version-history":[{"count":13,"href":"https:\/\/connys-crazy-kitchen.lima-city.de\/index.php?rest_route=\/wp\/v2\/pages\/86\/revisions"}],"predecessor-version":[{"id":284,"href":"https:\/\/connys-crazy-kitchen.lima-city.de\/index.php?rest_route=\/wp\/v2\/pages\/86\/revisions\/284"}],"wp:attachment":[{"href":"https:\/\/connys-crazy-kitchen.lima-city.de\/index.php?rest_route=%2Fwp%2Fv2%2Fmedia&parent=86"}],"curies":[{"name":"wp","href":"https:\/\/api.w.org\/{rel}","templated":true}]}}