{"id":83,"date":"2017-03-15T12:32:49","date_gmt":"2017-03-15T11:32:49","guid":{"rendered":"https:\/\/connys-crazy-kitchen.lima-city.de\/?page_id=83"},"modified":"2021-12-22T21:33:52","modified_gmt":"2021-12-22T20:33:52","slug":"weintrauben-kaese-wein","status":"publish","type":"page","link":"https:\/\/connys-crazy-kitchen.lima-city.de\/","title":{"rendered":"Lecker, Lecker, Lecker&#8230;"},"content":{"rendered":"<p style=\"text-align: center;\"><span style=\"color: #008080; font-family: 'trebuchet ms', geneva, sans-serif;\">Einen sch\u00f6nen Abend mit Weintrauben Wein und K\u00e4se wer es mag?<\/span><\/p>\n<p style=\"text-align: center;\"><span style=\"color: #008080; font-family: 'trebuchet ms', geneva, sans-serif;\">sch\u00f6n das ihr da seit einfach aber Lecker&nbsp;<\/span><\/p>\n<p style=\"text-align: center;\">&nbsp; &nbsp;<span style=\"color: #008080; font-family: 'trebuchet ms', geneva, sans-serif;\">Lachs, Meerrettich Rucola Radieschen Rote-Zwiebeln einen Spritzer Limonen Saft auf Toast guten Appetit.<\/span><\/p>\n<p style=\"text-align: left;\"><span style=\"color: #008080; font-size: 12pt; font-family: verdana, geneva, sans-serif;\">&nbsp;<\/span><\/p>\n<div id='gallery-1' class='gallery galleryid-83 gallery-columns-5 gallery-size-thumbnail'><figure class='gallery-item'>\n\t\t\t<div class='gallery-icon landscape'>\n\t\t\t\t<a title=\"stefan-johnson-124186\" href='https:\/\/connys-crazy-kitchen.lima-city.de\/?attachment_id=130'><img width=\"150\" height=\"150\" src=\"https:\/\/connys-crazy-kitchen.lima-city.de\/wp-content\/uploads\/2017\/03\/stefan-johnson-124186-1-150x150.jpg\" class=\"attachment-thumbnail size-thumbnail\" alt=\"\" decoding=\"async\" loading=\"lazy\" aria-describedby=\"gallery-1-130\" \/><\/a>\n\t\t\t<\/div>\n\t\t\t\t<figcaption class='wp-caption-text gallery-caption' id='gallery-1-130'>\n\t\t\t\teine Kleinigkeit\n\t\t\t\t<\/figcaption><\/figure><figure class='gallery-item'>\n\t\t\t<div class='gallery-icon landscape'>\n\t\t\t\t<a title=\"Guten Appetit\" href='https:\/\/connys-crazy-kitchen.lima-city.de\/?attachment_id=106'><img width=\"150\" height=\"150\" src=\"https:\/\/connys-crazy-kitchen.lima-city.de\/wp-content\/uploads\/2017\/03\/monstruo-estudio-574-150x150.jpg\" class=\"attachment-thumbnail size-thumbnail\" alt=\"\" decoding=\"async\" loading=\"lazy\" aria-describedby=\"gallery-1-106\" \/><\/a>\n\t\t\t<\/div>\n\t\t\t\t<figcaption class='wp-caption-text gallery-caption' id='gallery-1-106'>\n\t\t\t\tLachs &#038; Meerrettich Rucola Radischen \n\t\t\t\t<\/figcaption><\/figure><figure class='gallery-item'>\n\t\t\t<div class='gallery-icon landscape'>\n\t\t\t\t<a title=\"correen-40531\" href='https:\/\/connys-crazy-kitchen.lima-city.de\/?attachment_id=115'><img width=\"150\" height=\"150\" src=\"https:\/\/connys-crazy-kitchen.lima-city.de\/wp-content\/uploads\/2017\/03\/correen-40531-150x150.jpg\" class=\"attachment-thumbnail size-thumbnail\" alt=\"\" decoding=\"async\" loading=\"lazy\" aria-describedby=\"gallery-1-115\" \/><\/a>\n\t\t\t<\/div>\n\t\t\t\t<figcaption class='wp-caption-text gallery-caption' id='gallery-1-115'>\n\t\t\t\tchilli &#038; Bunte Oliven\n\t\t\t\t<\/figcaption><\/figure><figure class='gallery-item'>\n\t\t\t<div class='gallery-icon landscape'>\n\t\t\t\t<a title=\"toa-heftiba-134254\" href='https:\/\/connys-crazy-kitchen.lima-city.de\/?attachment_id=92'><img width=\"150\" height=\"150\" src=\"https:\/\/connys-crazy-kitchen.lima-city.de\/wp-content\/uploads\/2017\/03\/toa-heftiba-134254-150x150.jpg\" class=\"attachment-thumbnail size-thumbnail\" alt=\"\" decoding=\"async\" loading=\"lazy\" aria-describedby=\"gallery-1-92\" \/><\/a>\n\t\t\t<\/div>\n\t\t\t\t<figcaption class='wp-caption-text gallery-caption' id='gallery-1-92'>\n\t\t\t\tnun das Dessert \n\t\t\t\t<\/figcaption><\/figure><figure class='gallery-item'>\n\t\t\t<div class='gallery-icon portrait'>\n\t\t\t\t<a title=\"matthias-heil-156834\" href='https:\/\/connys-crazy-kitchen.lima-city.de\/?attachment_id=107'><img width=\"150\" height=\"150\" src=\"https:\/\/connys-crazy-kitchen.lima-city.de\/wp-content\/uploads\/2017\/03\/matthias-heil-156834-150x150.jpg\" class=\"attachment-thumbnail size-thumbnail\" alt=\"\" decoding=\"async\" loading=\"lazy\" aria-describedby=\"gallery-1-107\" \/><\/a>\n\t\t\t<\/div>\n\t\t\t\t<figcaption class='wp-caption-text gallery-caption' id='gallery-1-107'>\n\t\t\t\tFeigen Walln\u00fcsse &#038; Rucola\n\t\t\t\t<\/figcaption><\/figure>\n\t\t<\/div>\n\n<p><span style=\"color: #800080; font-size: 14pt;\">&nbsp;<\/span><\/p>\n\n","protected":false},"excerpt":{"rendered":"<p>Einen sch\u00f6nen Abend mit Weintrauben Wein und K\u00e4se wer es mag? sch\u00f6n das ihr da seit einfach aber Lecker&nbsp; &nbsp; &nbsp;Lachs, Meerrettich Rucola Radieschen Rote-Zwiebeln einen Spritzer Limonen Saft auf Toast guten Appetit. &nbsp; &nbsp;<\/p>\n","protected":false},"author":1,"featured_media":0,"parent":0,"menu_order":0,"comment_status":"open","ping_status":"closed","template":"","meta":[],"yoast_head":"<!-- This site is optimized with the Yoast SEO plugin v19.7.2 - https:\/\/yoast.com\/wordpress\/plugins\/seo\/ -->\n<title>lecker einen sch\u00f6nen Abend mit...<\/title>\n<meta name=\"description\" content=\"Empfehlung f\u00fcr einen sch\u00f6nen Abend mit Weintrauben, Wein &amp; K\u00e4se wer es mag.\" \/>\n<meta name=\"robots\" content=\"index, follow, max-snippet:-1, max-image-preview:large, max-video-preview:-1\" \/>\n<link rel=\"canonical\" href=\"https:\/\/connys-crazy-kitchen.lima-city.de\/\" \/>\n<meta property=\"og:locale\" content=\"de_DE\" \/>\n<meta property=\"og:type\" content=\"article\" \/>\n<meta property=\"og:title\" content=\"lecker einen sch\u00f6nen Abend mit...\" \/>\n<meta property=\"og:description\" content=\"Empfehlung f\u00fcr einen sch\u00f6nen Abend mit Weintrauben, Wein &amp; K\u00e4se wer es mag.\" \/>\n<meta property=\"og:url\" content=\"https:\/\/connys-crazy-kitchen.lima-city.de\/\" \/>\n<meta property=\"og:site_name\" content=\"Connys Crazy Kitchen\" \/>\n<meta property=\"article:modified_time\" content=\"2021-12-22T20:33:52+00:00\" \/>\n<meta property=\"og:image\" content=\"https:\/\/connys-crazy-kitchen.lima-city.de\/wp-content\/uploads\/2017\/03\/matthias-heil-156834-150x150.jpg\" \/>\n<meta name=\"twitter:card\" content=\"summary\" \/>\n<meta name=\"twitter:site\" content=\"@kb_berlin2017\" \/>\n<meta name=\"twitter:label1\" content=\"Gesch\u00e4tzte Lesezeit\" \/>\n\t<meta name=\"twitter:data1\" content=\"1\u00a0Minute\" \/>\n<script type=\"application\/ld+json\" class=\"yoast-schema-graph\">{\"@context\":\"https:\/\/schema.org\",\"@graph\":[{\"@type\":\"WebPage\",\"@id\":\"https:\/\/connys-crazy-kitchen.lima-city.de\/\",\"url\":\"https:\/\/connys-crazy-kitchen.lima-city.de\/\",\"name\":\"lecker einen sch\u00f6nen Abend mit...\",\"isPartOf\":{\"@id\":\"https:\/\/connys-crazy-kitchen.lima-city.de\/#website\"},\"datePublished\":\"2017-03-15T11:32:49+00:00\",\"dateModified\":\"2021-12-22T20:33:52+00:00\",\"description\":\"Empfehlung f\u00fcr einen sch\u00f6nen Abend mit Weintrauben, Wein & K\u00e4se wer es mag.\",\"breadcrumb\":{\"@id\":\"https:\/\/connys-crazy-kitchen.lima-city.de\/#breadcrumb\"},\"inLanguage\":\"de\",\"potentialAction\":[{\"@type\":\"ReadAction\",\"target\":[\"https:\/\/connys-crazy-kitchen.lima-city.de\/\"]}]},{\"@type\":\"BreadcrumbList\",\"@id\":\"https:\/\/connys-crazy-kitchen.lima-city.de\/#breadcrumb\",\"itemListElement\":[{\"@type\":\"ListItem\",\"position\":1,\"name\":\"Startseite\",\"item\":\"https:\/\/connys-crazy-kitchen.lima-city.de\/\"},{\"@type\":\"ListItem\",\"position\":2,\"name\":\"Lecker, Lecker, Lecker&#8230;\"}]},{\"@type\":\"WebSite\",\"@id\":\"https:\/\/connys-crazy-kitchen.lima-city.de\/#website\",\"url\":\"https:\/\/connys-crazy-kitchen.lima-city.de\/\",\"name\":\"Connys Crazy Kitchen\",\"description\":\"Meine verr\u00fcckte Art zu Kochen und Reisen...\",\"publisher\":{\"@id\":\"https:\/\/connys-crazy-kitchen.lima-city.de\/#\/schema\/person\/7e844629b80e653505002dfea1f311eb\"},\"potentialAction\":[{\"@type\":\"SearchAction\",\"target\":{\"@type\":\"EntryPoint\",\"urlTemplate\":\"https:\/\/connys-crazy-kitchen.lima-city.de\/?s={search_term_string}\"},\"query-input\":\"required name=search_term_string\"}],\"inLanguage\":\"de\"},{\"@type\":[\"Person\",\"Organization\"],\"@id\":\"https:\/\/connys-crazy-kitchen.lima-city.de\/#\/schema\/person\/7e844629b80e653505002dfea1f311eb\",\"name\":\"Connys-Crazy-Kitchen\",\"logo\":{\"@id\":\"https:\/\/connys-crazy-kitchen.lima-city.de\/#\/schema\/person\/image\/\"},\"description\":\"Ich Lebe in Berlin auf der Roten Insel Koche f\u00fcr mein Leben gerne und Exrepementire mit Lebensmitteln und vielen Gew\u00fcrzen aus mindestens 12 L\u00e4ndern in meiner Familie gibt es eine Ess-Kultur wir versuchen 1mal im Monat zusammen zu Essen. (Familien-Essen) solltet ihr auch Pflegen Familie ist das wichtigste in eurem Leben. Ich bin eine Kaffee Liebhaberin alles mit Leidenschaft. Ich hoffe ihr geniest das Leben mit Leidenschaft &amp; Liebe und sch\u00e4tz unsere Lebensmittel mit Genuss. Alles Liebe aus Berlin C o n n y\",\"sameAs\":[\"Connys.crazy.kitchen\"]}]}<\/script>\n<!-- \/ Yoast SEO plugin. -->","yoast_head_json":{"title":"lecker einen sch\u00f6nen Abend mit...","description":"Empfehlung f\u00fcr einen sch\u00f6nen Abend mit Weintrauben, Wein & K\u00e4se wer es mag.","robots":{"index":"index","follow":"follow","max-snippet":"max-snippet:-1","max-image-preview":"max-image-preview:large","max-video-preview":"max-video-preview:-1"},"canonical":"https:\/\/connys-crazy-kitchen.lima-city.de\/","og_locale":"de_DE","og_type":"article","og_title":"lecker einen sch\u00f6nen Abend mit...","og_description":"Empfehlung f\u00fcr einen sch\u00f6nen Abend mit Weintrauben, Wein & K\u00e4se wer es mag.","og_url":"https:\/\/connys-crazy-kitchen.lima-city.de\/","og_site_name":"Connys Crazy Kitchen","article_modified_time":"2021-12-22T20:33:52+00:00","og_image":[{"url":"https:\/\/connys-crazy-kitchen.lima-city.de\/wp-content\/uploads\/2017\/03\/matthias-heil-156834-150x150.jpg"}],"twitter_card":"summary","twitter_site":"@kb_berlin2017","twitter_misc":{"Gesch\u00e4tzte Lesezeit":"1\u00a0Minute"},"schema":{"@context":"https:\/\/schema.org","@graph":[{"@type":"WebPage","@id":"https:\/\/connys-crazy-kitchen.lima-city.de\/","url":"https:\/\/connys-crazy-kitchen.lima-city.de\/","name":"lecker einen sch\u00f6nen Abend mit...","isPartOf":{"@id":"https:\/\/connys-crazy-kitchen.lima-city.de\/#website"},"datePublished":"2017-03-15T11:32:49+00:00","dateModified":"2021-12-22T20:33:52+00:00","description":"Empfehlung f\u00fcr einen sch\u00f6nen Abend mit Weintrauben, Wein & K\u00e4se wer es mag.","breadcrumb":{"@id":"https:\/\/connys-crazy-kitchen.lima-city.de\/#breadcrumb"},"inLanguage":"de","potentialAction":[{"@type":"ReadAction","target":["https:\/\/connys-crazy-kitchen.lima-city.de\/"]}]},{"@type":"BreadcrumbList","@id":"https:\/\/connys-crazy-kitchen.lima-city.de\/#breadcrumb","itemListElement":[{"@type":"ListItem","position":1,"name":"Startseite","item":"https:\/\/connys-crazy-kitchen.lima-city.de\/"},{"@type":"ListItem","position":2,"name":"Lecker, Lecker, Lecker&#8230;"}]},{"@type":"WebSite","@id":"https:\/\/connys-crazy-kitchen.lima-city.de\/#website","url":"https:\/\/connys-crazy-kitchen.lima-city.de\/","name":"Connys Crazy Kitchen","description":"Meine verr\u00fcckte Art zu Kochen und Reisen...","publisher":{"@id":"https:\/\/connys-crazy-kitchen.lima-city.de\/#\/schema\/person\/7e844629b80e653505002dfea1f311eb"},"potentialAction":[{"@type":"SearchAction","target":{"@type":"EntryPoint","urlTemplate":"https:\/\/connys-crazy-kitchen.lima-city.de\/?s={search_term_string}"},"query-input":"required name=search_term_string"}],"inLanguage":"de"},{"@type":["Person","Organization"],"@id":"https:\/\/connys-crazy-kitchen.lima-city.de\/#\/schema\/person\/7e844629b80e653505002dfea1f311eb","name":"Connys-Crazy-Kitchen","logo":{"@id":"https:\/\/connys-crazy-kitchen.lima-city.de\/#\/schema\/person\/image\/"},"description":"Ich Lebe in Berlin auf der Roten Insel Koche f\u00fcr mein Leben gerne und Exrepementire mit Lebensmitteln und vielen Gew\u00fcrzen aus mindestens 12 L\u00e4ndern in meiner Familie gibt es eine Ess-Kultur wir versuchen 1mal im Monat zusammen zu Essen. (Familien-Essen) solltet ihr auch Pflegen Familie ist das wichtigste in eurem Leben. Ich bin eine Kaffee Liebhaberin alles mit Leidenschaft. Ich hoffe ihr geniest das Leben mit Leidenschaft &amp; Liebe und sch\u00e4tz unsere Lebensmittel mit Genuss. Alles Liebe aus Berlin C o n n y","sameAs":["Connys.crazy.kitchen"]}]}},"post_mailing_queue_ids":[],"_links":{"self":[{"href":"https:\/\/connys-crazy-kitchen.lima-city.de\/index.php?rest_route=\/wp\/v2\/pages\/83"}],"collection":[{"href":"https:\/\/connys-crazy-kitchen.lima-city.de\/index.php?rest_route=\/wp\/v2\/pages"}],"about":[{"href":"https:\/\/connys-crazy-kitchen.lima-city.de\/index.php?rest_route=\/wp\/v2\/types\/page"}],"author":[{"embeddable":true,"href":"https:\/\/connys-crazy-kitchen.lima-city.de\/index.php?rest_route=\/wp\/v2\/users\/1"}],"replies":[{"embeddable":true,"href":"https:\/\/connys-crazy-kitchen.lima-city.de\/index.php?rest_route=%2Fwp%2Fv2%2Fcomments&post=83"}],"version-history":[{"count":30,"href":"https:\/\/connys-crazy-kitchen.lima-city.de\/index.php?rest_route=\/wp\/v2\/pages\/83\/revisions"}],"predecessor-version":[{"id":391,"href":"https:\/\/connys-crazy-kitchen.lima-city.de\/index.php?rest_route=\/wp\/v2\/pages\/83\/revisions\/391"}],"wp:attachment":[{"href":"https:\/\/connys-crazy-kitchen.lima-city.de\/index.php?rest_route=%2Fwp%2Fv2%2Fmedia&parent=83"}],"curies":[{"name":"wp","href":"https:\/\/api.w.org\/{rel}","templated":true}]}}