{"id":349,"date":"2020-11-18T03:46:18","date_gmt":"2020-11-18T02:46:18","guid":{"rendered":"https:\/\/connys-crazy-kitchen.lima-city.de\/?page_id=349"},"modified":"2020-11-18T03:46:19","modified_gmt":"2020-11-18T02:46:19","slug":"schlemmen-im-land-meines-grossvater-prag","status":"publish","type":"page","link":"https:\/\/connys-crazy-kitchen.lima-city.de\/?page_id=349","title":{"rendered":"Schlemmen im Land meines Gro\u00dfvater,  Prag"},"content":{"rendered":"\n<p>Ich war in Prag habe versucht die Familie meines Gro\u00dfvater zu finden, was sich als ziemlich schwieg erwies.<\/p>\n<p>Das machte mich richtig Traurig da ich nur seinen Familien Namen kenne meine Mutter ist ohne ihn aufgewachsen und sie r\u00fcckt nicht mit der Wahrheit raus was mich sehr besch\u00e4ftigt und so langsam W\u00fctend macht.<\/p>\n<p>Ich bin 59Jahre alt und immer noch auf der Suche mich treib eine gewisse Sehnsucht an die Familie unbedingt zu finden aber ohne Daten geht nichts.<\/p>\n<p>Ich gebe nicht auf&#8230;<\/p>\n<p>Bald mehr<\/p>\n","protected":false},"excerpt":{"rendered":"<p>Ich war in Prag habe versucht die Familie meines Gro\u00dfvater zu finden, was sich als ziemlich schwieg erwies. Das machte mich richtig Traurig da ich nur seinen Familien Namen kenne meine Mutter ist ohne ihn aufgewachsen und sie r\u00fcckt nicht<\/p>\n","protected":false},"author":1,"featured_media":0,"parent":0,"menu_order":0,"comment_status":"closed","ping_status":"closed","template":"","meta":[],"yoast_head":"<!-- This site is optimized with the Yoast SEO plugin v19.7.2 - https:\/\/yoast.com\/wordpress\/plugins\/seo\/ -->\n<title>Schlemmen im Land meines Gro\u00dfvater, Prag &ndash; Connys Crazy Kitchen<\/title>\n<meta name=\"robots\" content=\"index, follow, max-snippet:-1, max-image-preview:large, max-video-preview:-1\" \/>\n<link rel=\"canonical\" href=\"https:\/\/connys-crazy-kitchen.lima-city.de\/?page_id=349\" \/>\n<meta property=\"og:locale\" content=\"de_DE\" \/>\n<meta property=\"og:type\" content=\"article\" \/>\n<meta property=\"og:title\" content=\"Schlemmen im Land meines Gro\u00dfvater, Prag &ndash; Connys Crazy Kitchen\" \/>\n<meta property=\"og:description\" content=\"Ich war in Prag habe versucht die Familie meines Gro\u00dfvater zu finden, was sich als ziemlich schwieg erwies. Das machte mich richtig Traurig da ich nur seinen Familien Namen kenne meine Mutter ist ohne ihn aufgewachsen und sie r\u00fcckt nicht\" \/>\n<meta property=\"og:url\" content=\"https:\/\/connys-crazy-kitchen.lima-city.de\/?page_id=349\" \/>\n<meta property=\"og:site_name\" content=\"Connys Crazy Kitchen\" \/>\n<meta property=\"article:modified_time\" content=\"2020-11-18T02:46:19+00:00\" \/>\n<meta name=\"twitter:card\" content=\"summary\" \/>\n<meta name=\"twitter:site\" content=\"@kb_berlin2017\" \/>\n<script type=\"application\/ld+json\" class=\"yoast-schema-graph\">{\"@context\":\"https:\/\/schema.org\",\"@graph\":[{\"@type\":\"WebPage\",\"@id\":\"https:\/\/connys-crazy-kitchen.lima-city.de\/?page_id=349\",\"url\":\"https:\/\/connys-crazy-kitchen.lima-city.de\/?page_id=349\",\"name\":\"Schlemmen im Land meines Gro\u00dfvater, Prag &ndash; Connys Crazy Kitchen\",\"isPartOf\":{\"@id\":\"https:\/\/connys-crazy-kitchen.lima-city.de\/#website\"},\"datePublished\":\"2020-11-18T02:46:18+00:00\",\"dateModified\":\"2020-11-18T02:46:19+00:00\",\"breadcrumb\":{\"@id\":\"https:\/\/connys-crazy-kitchen.lima-city.de\/?page_id=349#breadcrumb\"},\"inLanguage\":\"de\",\"potentialAction\":[{\"@type\":\"ReadAction\",\"target\":[\"https:\/\/connys-crazy-kitchen.lima-city.de\/?page_id=349\"]}]},{\"@type\":\"BreadcrumbList\",\"@id\":\"https:\/\/connys-crazy-kitchen.lima-city.de\/?page_id=349#breadcrumb\",\"itemListElement\":[{\"@type\":\"ListItem\",\"position\":1,\"name\":\"Startseite\",\"item\":\"https:\/\/connys-crazy-kitchen.lima-city.de\/\"},{\"@type\":\"ListItem\",\"position\":2,\"name\":\"Schlemmen im Land meines Gro\u00dfvater, Prag\"}]},{\"@type\":\"WebSite\",\"@id\":\"https:\/\/connys-crazy-kitchen.lima-city.de\/#website\",\"url\":\"https:\/\/connys-crazy-kitchen.lima-city.de\/\",\"name\":\"Connys Crazy Kitchen\",\"description\":\"Meine verr\u00fcckte Art zu Kochen und Reisen...\",\"publisher\":{\"@id\":\"https:\/\/connys-crazy-kitchen.lima-city.de\/#\/schema\/person\/7e844629b80e653505002dfea1f311eb\"},\"potentialAction\":[{\"@type\":\"SearchAction\",\"target\":{\"@type\":\"EntryPoint\",\"urlTemplate\":\"https:\/\/connys-crazy-kitchen.lima-city.de\/?s={search_term_string}\"},\"query-input\":\"required name=search_term_string\"}],\"inLanguage\":\"de\"},{\"@type\":[\"Person\",\"Organization\"],\"@id\":\"https:\/\/connys-crazy-kitchen.lima-city.de\/#\/schema\/person\/7e844629b80e653505002dfea1f311eb\",\"name\":\"Connys-Crazy-Kitchen\",\"logo\":{\"@id\":\"https:\/\/connys-crazy-kitchen.lima-city.de\/#\/schema\/person\/image\/\"},\"description\":\"Ich Lebe in Berlin auf der Roten Insel Koche f\u00fcr mein Leben gerne und Exrepementire mit Lebensmitteln und vielen Gew\u00fcrzen aus mindestens 12 L\u00e4ndern in meiner Familie gibt es eine Ess-Kultur wir versuchen 1mal im Monat zusammen zu Essen. (Familien-Essen) solltet ihr auch Pflegen Familie ist das wichtigste in eurem Leben. Ich bin eine Kaffee Liebhaberin alles mit Leidenschaft. Ich hoffe ihr geniest das Leben mit Leidenschaft &amp; Liebe und sch\u00e4tz unsere Lebensmittel mit Genuss. Alles Liebe aus Berlin C o n n y\",\"sameAs\":[\"Connys.crazy.kitchen\"]}]}<\/script>\n<!-- \/ Yoast SEO plugin. -->","yoast_head_json":{"title":"Schlemmen im Land meines Gro\u00dfvater, Prag &ndash; Connys Crazy Kitchen","robots":{"index":"index","follow":"follow","max-snippet":"max-snippet:-1","max-image-preview":"max-image-preview:large","max-video-preview":"max-video-preview:-1"},"canonical":"https:\/\/connys-crazy-kitchen.lima-city.de\/?page_id=349","og_locale":"de_DE","og_type":"article","og_title":"Schlemmen im Land meines Gro\u00dfvater, Prag &ndash; Connys Crazy Kitchen","og_description":"Ich war in Prag habe versucht die Familie meines Gro\u00dfvater zu finden, was sich als ziemlich schwieg erwies. Das machte mich richtig Traurig da ich nur seinen Familien Namen kenne meine Mutter ist ohne ihn aufgewachsen und sie r\u00fcckt nicht","og_url":"https:\/\/connys-crazy-kitchen.lima-city.de\/?page_id=349","og_site_name":"Connys Crazy Kitchen","article_modified_time":"2020-11-18T02:46:19+00:00","twitter_card":"summary","twitter_site":"@kb_berlin2017","schema":{"@context":"https:\/\/schema.org","@graph":[{"@type":"WebPage","@id":"https:\/\/connys-crazy-kitchen.lima-city.de\/?page_id=349","url":"https:\/\/connys-crazy-kitchen.lima-city.de\/?page_id=349","name":"Schlemmen im Land meines Gro\u00dfvater, Prag &ndash; Connys Crazy Kitchen","isPartOf":{"@id":"https:\/\/connys-crazy-kitchen.lima-city.de\/#website"},"datePublished":"2020-11-18T02:46:18+00:00","dateModified":"2020-11-18T02:46:19+00:00","breadcrumb":{"@id":"https:\/\/connys-crazy-kitchen.lima-city.de\/?page_id=349#breadcrumb"},"inLanguage":"de","potentialAction":[{"@type":"ReadAction","target":["https:\/\/connys-crazy-kitchen.lima-city.de\/?page_id=349"]}]},{"@type":"BreadcrumbList","@id":"https:\/\/connys-crazy-kitchen.lima-city.de\/?page_id=349#breadcrumb","itemListElement":[{"@type":"ListItem","position":1,"name":"Startseite","item":"https:\/\/connys-crazy-kitchen.lima-city.de\/"},{"@type":"ListItem","position":2,"name":"Schlemmen im Land meines Gro\u00dfvater, Prag"}]},{"@type":"WebSite","@id":"https:\/\/connys-crazy-kitchen.lima-city.de\/#website","url":"https:\/\/connys-crazy-kitchen.lima-city.de\/","name":"Connys Crazy Kitchen","description":"Meine verr\u00fcckte Art zu Kochen und Reisen...","publisher":{"@id":"https:\/\/connys-crazy-kitchen.lima-city.de\/#\/schema\/person\/7e844629b80e653505002dfea1f311eb"},"potentialAction":[{"@type":"SearchAction","target":{"@type":"EntryPoint","urlTemplate":"https:\/\/connys-crazy-kitchen.lima-city.de\/?s={search_term_string}"},"query-input":"required name=search_term_string"}],"inLanguage":"de"},{"@type":["Person","Organization"],"@id":"https:\/\/connys-crazy-kitchen.lima-city.de\/#\/schema\/person\/7e844629b80e653505002dfea1f311eb","name":"Connys-Crazy-Kitchen","logo":{"@id":"https:\/\/connys-crazy-kitchen.lima-city.de\/#\/schema\/person\/image\/"},"description":"Ich Lebe in Berlin auf der Roten Insel Koche f\u00fcr mein Leben gerne und Exrepementire mit Lebensmitteln und vielen Gew\u00fcrzen aus mindestens 12 L\u00e4ndern in meiner Familie gibt es eine Ess-Kultur wir versuchen 1mal im Monat zusammen zu Essen. (Familien-Essen) solltet ihr auch Pflegen Familie ist das wichtigste in eurem Leben. Ich bin eine Kaffee Liebhaberin alles mit Leidenschaft. Ich hoffe ihr geniest das Leben mit Leidenschaft &amp; Liebe und sch\u00e4tz unsere Lebensmittel mit Genuss. Alles Liebe aus Berlin C o n n y","sameAs":["Connys.crazy.kitchen"]}]}},"post_mailing_queue_ids":[],"_links":{"self":[{"href":"https:\/\/connys-crazy-kitchen.lima-city.de\/index.php?rest_route=\/wp\/v2\/pages\/349"}],"collection":[{"href":"https:\/\/connys-crazy-kitchen.lima-city.de\/index.php?rest_route=\/wp\/v2\/pages"}],"about":[{"href":"https:\/\/connys-crazy-kitchen.lima-city.de\/index.php?rest_route=\/wp\/v2\/types\/page"}],"author":[{"embeddable":true,"href":"https:\/\/connys-crazy-kitchen.lima-city.de\/index.php?rest_route=\/wp\/v2\/users\/1"}],"replies":[{"embeddable":true,"href":"https:\/\/connys-crazy-kitchen.lima-city.de\/index.php?rest_route=%2Fwp%2Fv2%2Fcomments&post=349"}],"version-history":[{"count":2,"href":"https:\/\/connys-crazy-kitchen.lima-city.de\/index.php?rest_route=\/wp\/v2\/pages\/349\/revisions"}],"predecessor-version":[{"id":379,"href":"https:\/\/connys-crazy-kitchen.lima-city.de\/index.php?rest_route=\/wp\/v2\/pages\/349\/revisions\/379"}],"wp:attachment":[{"href":"https:\/\/connys-crazy-kitchen.lima-city.de\/index.php?rest_route=%2Fwp%2Fv2%2Fmedia&parent=349"}],"curies":[{"name":"wp","href":"https:\/\/api.w.org\/{rel}","templated":true}]}}