{"id":2,"date":"2017-02-25T16:11:46","date_gmt":"2017-02-25T15:11:46","guid":{"rendered":"https:\/\/connys-crazy-kitchen.lima-city.de\/?page_id=2"},"modified":"2024-09-21T19:18:43","modified_gmt":"2024-09-21T17:18:43","slug":"ein-wenig-von-mir","status":"publish","type":"page","link":"https:\/\/connys-crazy-kitchen.lima-city.de\/?page_id=2","title":{"rendered":"Ein wenig von mir"},"content":{"rendered":"<p><span style=\"color: #993366; font-family: 'trebuchet ms', geneva, sans-serif; font-size: 10pt;\"><strong>Hallo ein wenig was von mir,<\/strong><br \/>\n<\/span><\/p>\n<p><span style=\"color: #993366; font-family: 'trebuchet ms', geneva, sans-serif; font-size: 10pt;\">Tags\u00fcber arbeite in meinem Atelier, Kreiere Einkaufstaschen betreibe Upcyling auf Bettw\u00e4sche, \u00dcbergardinen, Jeanshosen, <\/span><\/p>\n<p><span style=\"color: #993366; font-family: 'trebuchet ms', geneva, sans-serif; font-size: 10pt;\">M\u00e4nner Sakkos und Herren Hemden.\u00a0<\/span><\/p>\n<p><span style=\"font-size: 10pt; font-family: 'trebuchet ms', geneva, sans-serif; color: #993366;\">Mai-2017 &#8211; Sep.2024<\/span><\/p>\n<p><span style=\"color: #993366; font-family: 'trebuchet ms', geneva, sans-serif; font-size: 10pt;\">Wir fertigen Torten-Taschen f\u00fcr den Sicheren Transport deiner Leckeren Torte an!\u00a0<\/span><\/p>\n<p><strong><span style=\"font-size: 10pt; font-family: 'trebuchet ms', geneva, sans-serif; color: #993366;\">Nachts,<\/span><\/strong><\/p>\n<p><span style=\"color: #993366; font-family: 'trebuchet ms', geneva, sans-serif; font-size: 10pt;\"> bin ich im Netz und Arbeite an meiner Website und an meinem Shop.<\/span><\/p>\n<p><strong><span style=\"font-size: 10pt; font-family: 'trebuchet ms', geneva, sans-serif; color: #993366;\">Ich lebe,<\/span><\/strong><\/p>\n<p><span style=\"color: #993366; font-family: 'trebuchet ms', geneva, sans-serif; font-size: 10pt;\"> in Berlin\/ Sch\u00f6neberg auf der ber\u00fchmten Roten Insel wo auch Marlene Diedrich in der Leber-Strasse lebte, was einige Touristen anzieht dadurch ist immer Leben im Kitz.<\/span><\/p>\n<p><strong><span style=\"font-size: 10pt; font-family: 'trebuchet ms', geneva, sans-serif; color: #993366;\">Was ich mag,<\/span><\/strong><\/p>\n<p><span style=\"color: #993366; font-family: 'trebuchet ms', geneva, sans-serif; font-size: 10pt;\">Ich mag Black Music liebe es zu Kochen mit Leidenschaft wie man ja hier lesen kann!<\/span><\/p>\n<p><span style=\"color: #993366; font-family: 'trebuchet ms', geneva, sans-serif; font-size: 10pt;\">Ich Liebe Kaffee &amp; Kuchen und einen Netten Plausch mit meinen Nachbarn.<\/span><\/p>\n<p><strong><span style=\"font-family: 'trebuchet ms', geneva, sans-serif; font-size: 10pt; color: #993366;\">Viel Spa\u00df beim Kochen<\/span><\/strong><\/p>\n","protected":false},"excerpt":{"rendered":"<p>Hallo ein wenig was von mir, Tags\u00fcber arbeite in meinem Atelier, Kreiere Einkaufstaschen betreibe Upcyling auf Bettw\u00e4sche, \u00dcbergardinen, Jeanshosen, M\u00e4nner Sakkos und Herren Hemden.\u00a0 Mai-2017 &#8211; Sep.2024 Wir fertigen Torten-Taschen f\u00fcr den Sicheren Transport deiner Leckeren Torte an!\u00a0 Nachts, bin<\/p>\n","protected":false},"author":1,"featured_media":0,"parent":0,"menu_order":0,"comment_status":"closed","ping_status":"open","template":"","meta":[],"yoast_head":"<!-- This site is optimized with the Yoast SEO plugin v19.7.2 - https:\/\/yoast.com\/wordpress\/plugins\/seo\/ -->\n<title>Ein wenig von mir<\/title>\n<meta name=\"description\" content=\"Ein wenig von mir\" \/>\n<meta name=\"robots\" content=\"index, follow, max-snippet:-1, max-image-preview:large, max-video-preview:-1\" \/>\n<link rel=\"canonical\" href=\"https:\/\/connys-crazy-kitchen.lima-city.de\/?page_id=2\" \/>\n<meta property=\"og:locale\" content=\"de_DE\" \/>\n<meta property=\"og:type\" content=\"article\" \/>\n<meta property=\"og:title\" content=\"Ein wenig von mir\" \/>\n<meta property=\"og:description\" content=\"Ein wenig von mir\" \/>\n<meta property=\"og:url\" content=\"https:\/\/connys-crazy-kitchen.lima-city.de\/?page_id=2\" \/>\n<meta property=\"og:site_name\" content=\"Connys Crazy Kitchen\" \/>\n<meta property=\"article:modified_time\" content=\"2024-09-21T17:18:43+00:00\" \/>\n<meta name=\"twitter:card\" content=\"summary\" \/>\n<meta name=\"twitter:site\" content=\"@kb_berlin2017\" \/>\n<meta name=\"twitter:label1\" content=\"Gesch\u00e4tzte Lesezeit\" \/>\n\t<meta name=\"twitter:data1\" content=\"1\u00a0Minute\" \/>\n<script type=\"application\/ld+json\" class=\"yoast-schema-graph\">{\"@context\":\"https:\/\/schema.org\",\"@graph\":[{\"@type\":\"WebPage\",\"@id\":\"https:\/\/connys-crazy-kitchen.lima-city.de\/?page_id=2\",\"url\":\"https:\/\/connys-crazy-kitchen.lima-city.de\/?page_id=2\",\"name\":\"Ein wenig von mir\",\"isPartOf\":{\"@id\":\"https:\/\/connys-crazy-kitchen.lima-city.de\/#website\"},\"datePublished\":\"2017-02-25T15:11:46+00:00\",\"dateModified\":\"2024-09-21T17:18:43+00:00\",\"description\":\"Ein wenig von mir\",\"breadcrumb\":{\"@id\":\"https:\/\/connys-crazy-kitchen.lima-city.de\/?page_id=2#breadcrumb\"},\"inLanguage\":\"de\",\"potentialAction\":[{\"@type\":\"ReadAction\",\"target\":[\"https:\/\/connys-crazy-kitchen.lima-city.de\/?page_id=2\"]}]},{\"@type\":\"BreadcrumbList\",\"@id\":\"https:\/\/connys-crazy-kitchen.lima-city.de\/?page_id=2#breadcrumb\",\"itemListElement\":[{\"@type\":\"ListItem\",\"position\":1,\"name\":\"Startseite\",\"item\":\"https:\/\/connys-crazy-kitchen.lima-city.de\/\"},{\"@type\":\"ListItem\",\"position\":2,\"name\":\"Ein wenig von mir\"}]},{\"@type\":\"WebSite\",\"@id\":\"https:\/\/connys-crazy-kitchen.lima-city.de\/#website\",\"url\":\"https:\/\/connys-crazy-kitchen.lima-city.de\/\",\"name\":\"Connys Crazy Kitchen\",\"description\":\"Meine verr\u00fcckte Art zu Kochen und Reisen...\",\"publisher\":{\"@id\":\"https:\/\/connys-crazy-kitchen.lima-city.de\/#\/schema\/person\/7e844629b80e653505002dfea1f311eb\"},\"potentialAction\":[{\"@type\":\"SearchAction\",\"target\":{\"@type\":\"EntryPoint\",\"urlTemplate\":\"https:\/\/connys-crazy-kitchen.lima-city.de\/?s={search_term_string}\"},\"query-input\":\"required name=search_term_string\"}],\"inLanguage\":\"de\"},{\"@type\":[\"Person\",\"Organization\"],\"@id\":\"https:\/\/connys-crazy-kitchen.lima-city.de\/#\/schema\/person\/7e844629b80e653505002dfea1f311eb\",\"name\":\"Connys-Crazy-Kitchen\",\"logo\":{\"@id\":\"https:\/\/connys-crazy-kitchen.lima-city.de\/#\/schema\/person\/image\/\"},\"description\":\"Ich Lebe in Berlin auf der Roten Insel Koche f\u00fcr mein Leben gerne und Exrepementire mit Lebensmitteln und vielen Gew\u00fcrzen aus mindestens 12 L\u00e4ndern in meiner Familie gibt es eine Ess-Kultur wir versuchen 1mal im Monat zusammen zu Essen. (Familien-Essen) solltet ihr auch Pflegen Familie ist das wichtigste in eurem Leben. Ich bin eine Kaffee Liebhaberin alles mit Leidenschaft. Ich hoffe ihr geniest das Leben mit Leidenschaft &amp; Liebe und sch\u00e4tz unsere Lebensmittel mit Genuss. Alles Liebe aus Berlin C o n n y\",\"sameAs\":[\"Connys.crazy.kitchen\"]}]}<\/script>\n<!-- \/ Yoast SEO plugin. -->","yoast_head_json":{"title":"Ein wenig von mir","description":"Ein wenig von mir","robots":{"index":"index","follow":"follow","max-snippet":"max-snippet:-1","max-image-preview":"max-image-preview:large","max-video-preview":"max-video-preview:-1"},"canonical":"https:\/\/connys-crazy-kitchen.lima-city.de\/?page_id=2","og_locale":"de_DE","og_type":"article","og_title":"Ein wenig von mir","og_description":"Ein wenig von mir","og_url":"https:\/\/connys-crazy-kitchen.lima-city.de\/?page_id=2","og_site_name":"Connys Crazy Kitchen","article_modified_time":"2024-09-21T17:18:43+00:00","twitter_card":"summary","twitter_site":"@kb_berlin2017","twitter_misc":{"Gesch\u00e4tzte Lesezeit":"1\u00a0Minute"},"schema":{"@context":"https:\/\/schema.org","@graph":[{"@type":"WebPage","@id":"https:\/\/connys-crazy-kitchen.lima-city.de\/?page_id=2","url":"https:\/\/connys-crazy-kitchen.lima-city.de\/?page_id=2","name":"Ein wenig von mir","isPartOf":{"@id":"https:\/\/connys-crazy-kitchen.lima-city.de\/#website"},"datePublished":"2017-02-25T15:11:46+00:00","dateModified":"2024-09-21T17:18:43+00:00","description":"Ein wenig von mir","breadcrumb":{"@id":"https:\/\/connys-crazy-kitchen.lima-city.de\/?page_id=2#breadcrumb"},"inLanguage":"de","potentialAction":[{"@type":"ReadAction","target":["https:\/\/connys-crazy-kitchen.lima-city.de\/?page_id=2"]}]},{"@type":"BreadcrumbList","@id":"https:\/\/connys-crazy-kitchen.lima-city.de\/?page_id=2#breadcrumb","itemListElement":[{"@type":"ListItem","position":1,"name":"Startseite","item":"https:\/\/connys-crazy-kitchen.lima-city.de\/"},{"@type":"ListItem","position":2,"name":"Ein wenig von mir"}]},{"@type":"WebSite","@id":"https:\/\/connys-crazy-kitchen.lima-city.de\/#website","url":"https:\/\/connys-crazy-kitchen.lima-city.de\/","name":"Connys Crazy Kitchen","description":"Meine verr\u00fcckte Art zu Kochen und Reisen...","publisher":{"@id":"https:\/\/connys-crazy-kitchen.lima-city.de\/#\/schema\/person\/7e844629b80e653505002dfea1f311eb"},"potentialAction":[{"@type":"SearchAction","target":{"@type":"EntryPoint","urlTemplate":"https:\/\/connys-crazy-kitchen.lima-city.de\/?s={search_term_string}"},"query-input":"required name=search_term_string"}],"inLanguage":"de"},{"@type":["Person","Organization"],"@id":"https:\/\/connys-crazy-kitchen.lima-city.de\/#\/schema\/person\/7e844629b80e653505002dfea1f311eb","name":"Connys-Crazy-Kitchen","logo":{"@id":"https:\/\/connys-crazy-kitchen.lima-city.de\/#\/schema\/person\/image\/"},"description":"Ich Lebe in Berlin auf der Roten Insel Koche f\u00fcr mein Leben gerne und Exrepementire mit Lebensmitteln und vielen Gew\u00fcrzen aus mindestens 12 L\u00e4ndern in meiner Familie gibt es eine Ess-Kultur wir versuchen 1mal im Monat zusammen zu Essen. (Familien-Essen) solltet ihr auch Pflegen Familie ist das wichtigste in eurem Leben. Ich bin eine Kaffee Liebhaberin alles mit Leidenschaft. Ich hoffe ihr geniest das Leben mit Leidenschaft &amp; Liebe und sch\u00e4tz unsere Lebensmittel mit Genuss. Alles Liebe aus Berlin C o n n y","sameAs":["Connys.crazy.kitchen"]}]}},"post_mailing_queue_ids":[],"_links":{"self":[{"href":"https:\/\/connys-crazy-kitchen.lima-city.de\/index.php?rest_route=\/wp\/v2\/pages\/2"}],"collection":[{"href":"https:\/\/connys-crazy-kitchen.lima-city.de\/index.php?rest_route=\/wp\/v2\/pages"}],"about":[{"href":"https:\/\/connys-crazy-kitchen.lima-city.de\/index.php?rest_route=\/wp\/v2\/types\/page"}],"author":[{"embeddable":true,"href":"https:\/\/connys-crazy-kitchen.lima-city.de\/index.php?rest_route=\/wp\/v2\/users\/1"}],"replies":[{"embeddable":true,"href":"https:\/\/connys-crazy-kitchen.lima-city.de\/index.php?rest_route=%2Fwp%2Fv2%2Fcomments&post=2"}],"version-history":[{"count":31,"href":"https:\/\/connys-crazy-kitchen.lima-city.de\/index.php?rest_route=\/wp\/v2\/pages\/2\/revisions"}],"predecessor-version":[{"id":427,"href":"https:\/\/connys-crazy-kitchen.lima-city.de\/index.php?rest_route=\/wp\/v2\/pages\/2\/revisions\/427"}],"wp:attachment":[{"href":"https:\/\/connys-crazy-kitchen.lima-city.de\/index.php?rest_route=%2Fwp%2Fv2%2Fmedia&parent=2"}],"curies":[{"name":"wp","href":"https:\/\/api.w.org\/{rel}","templated":true}]}}